{"id":519,"date":"2024-05-28T10:18:30","date_gmt":"2024-05-28T15:18:30","guid":{"rendered":"https:\/\/monadconstruccion.com\/?post_type=product&#038;p=519"},"modified":"2024-06-14T10:45:57","modified_gmt":"2024-06-14T15:45:57","slug":"bano-azul","status":"publish","type":"product","link":"https:\/\/monadconstruccion.com\/index.php\/producto\/bano-azul\/","title":{"rendered":"Ba\u00f1o Azul"},"content":{"rendered":"[vc_row type=&#8221;in_container&#8221; full_screen_row_position=&#8221;middle&#8221; column_margin=&#8221;default&#8221; column_direction=&#8221;default&#8221; column_direction_tablet=&#8221;default&#8221; column_direction_phone=&#8221;default&#8221; scene_position=&#8221;center&#8221; text_color=&#8221;dark&#8221; text_align=&#8221;left&#8221; row_border_radius=&#8221;none&#8221; row_border_radius_applies=&#8221;bg&#8221; overflow=&#8221;visible&#8221; overlay_strength=&#8221;0.3&#8243; gradient_direction=&#8221;left_to_right&#8221; shape_divider_position=&#8221;bottom&#8221; bg_image_animation=&#8221;none&#8221;][vc_column column_padding=&#8221;no-extra-padding&#8221; column_padding_tablet=&#8221;inherit&#8221; column_padding_phone=&#8221;inherit&#8221; column_padding_position=&#8221;all&#8221; column_element_spacing=&#8221;default&#8221; background_color_opacity=&#8221;1&#8243; background_hover_color_opacity=&#8221;1&#8243; column_shadow=&#8221;none&#8221; column_border_radius=&#8221;none&#8221; column_link_target=&#8221;_self&#8221; column_position=&#8221;default&#8221; gradient_direction=&#8221;left_to_right&#8221; overlay_strength=&#8221;0.3&#8243; width=&#8221;1\/1&#8243; tablet_width_inherit=&#8221;default&#8221; tablet_text_alignment=&#8221;default&#8221; phone_text_alignment=&#8221;default&#8221; animation_type=&#8221;default&#8221; bg_image_animation=&#8221;none&#8221; border_type=&#8221;simple&#8221; column_border_width=&#8221;none&#8221; column_border_style=&#8221;solid&#8221;][vc_gallery type=&#8221;image_grid&#8221; images=&#8221;543,547,544,546&#8243; image_grid_loading=&#8221;default&#8221; layout=&#8221;4&#8243; item_spacing=&#8221;default&#8221; gallery_style=&#8221;7&#8243; load_in_animation=&#8221;none&#8221; img_size=&#8221;600&#215;400&#8243;][vc_video link=&#8221;https:\/\/youtu.be\/24IjsqrEQww&#8221;][\/vc_column][\/vc_row]\n","protected":false},"excerpt":{"rendered":"<h4><strong>Especificaciones<\/strong><\/h4>\n<p><strong>Ubicaci\u00f3n:<\/strong> Bogot\u00e1 D.C.<br \/>\n<strong>A\u00f1o:<\/strong> 2024<br \/>\n<strong>\u00c1rea:<\/strong> 53 m2<br \/>\n<strong>Cliente:<\/strong> Fundaci\u00f3n Conciencia Ciudadana<br \/>\nEstudios y Dise\u00f1os<\/p>\n<p>El Ba\u00f1o Azul consiste en la construcci\u00f3n de una bater\u00eda de cinco ba\u00f1os accesibles y asequibles a la ciudadan\u00eda, caracterizado por una arquitectura ic\u00f3nica colorida y por un nuevo relacionamiento sostenible con el agua y la naturaleza.<br \/>\nSu nombre Ba\u00f1o Azul se debe a que el proyecto elimina el 60% del concreto en el suelo y se eleva 90 cent\u00edmetros, permitiendo as\u00ed que la nueva superficie libre se transforme en un gran jard\u00edn de lluvia permeable, restaurando el ciclo natural entre el agua y el suelo, y creando nuevas \u00e1reas y muros verdes que aumenten la biodiversidad dentro de la ciudad.<\/p>\n<p>Su fachada se estructura con un sistema especial de entrabe de ladrillos de arcilla fabricados con gas, disminuyendo hasta un 45% la generaci\u00f3n de di\u00f3xido de carbono desde su fabricaci\u00f3n, y permitiendo la m\u00e1xima ventilaci\u00f3n natural en los cinco ba\u00f1os ahorrando energ\u00eda. Adem\u00e1s, su cubierta y sistema hidrosanitario se dise\u00f1an para captar, tratar y reutilizar el agua lluvia en los inodoros, ahorrando as\u00ed hasta 60.000 litros de agua mensual, y sus lavamanos se ubican en el exterior contra el and\u00e9n, facilitando que cualquier persona tenga acceso al agua potable.<\/p>\n","protected":false},"featured_media":541,"comment_status":"closed","ping_status":"closed","template":"","meta":[],"product_cat":[33],"product_tag":[],"class_list":{"0":"post-519","1":"product","2":"type-product","3":"status-publish","4":"has-post-thumbnail","6":"product_cat-equipamiento-publico"},"yoast_head":"<!-- This site is optimized with the Yoast SEO plugin v22.8 - https:\/\/yoast.com\/wordpress\/plugins\/seo\/ -->\n<title>Ba\u00f1o Azul - Monad Construcci\u00f3n Simbi\u00f3tica<\/title>\n<meta name=\"robots\" content=\"index, follow, max-snippet:-1, max-image-preview:large, max-video-preview:-1\" \/>\n<link rel=\"canonical\" href=\"https:\/\/monadconstruccion.com\/index.php\/producto\/bano-azul\/\" \/>\n<meta property=\"og:locale\" content=\"es_ES\" \/>\n<meta property=\"og:type\" content=\"article\" \/>\n<meta property=\"og:title\" content=\"Ba\u00f1o Azul - Monad Construcci\u00f3n Simbi\u00f3tica\" \/>\n<meta property=\"og:description\" content=\"Especificaciones Ubicaci\u00f3n: Bogot\u00e1 D.C. A\u00f1o: 2024 \u00c1rea: 53 m2 Cliente: Fundaci\u00f3n Conciencia Ciudadana Estudios y Dise\u00f1os  El Ba\u00f1o Azul consiste en la construcci\u00f3n de una bater\u00eda de cinco ba\u00f1os accesibles y asequibles a la ciudadan\u00eda, caracterizado por una arquitectura ic\u00f3nica colorida y por un nuevo relacionamiento sostenible con el agua y la naturaleza. Su nombre Ba\u00f1o Azul se debe a que el proyecto elimina el 60% del concreto en el suelo y se eleva 90 cent\u00edmetros, permitiendo as\u00ed que la nueva superficie libre se transforme en un gran jard\u00edn de lluvia permeable, restaurando el ciclo natural entre el agua y el suelo, y creando nuevas \u00e1reas y muros verdes que aumenten la biodiversidad dentro de la ciudad.  Su fachada se estructura con un sistema especial de entrabe de ladrillos de arcilla fabricados con gas, disminuyendo hasta un 45% la generaci\u00f3n de di\u00f3xido de carbono desde su fabricaci\u00f3n, y permitiendo la m\u00e1xima ventilaci\u00f3n natural en los cinco ba\u00f1os ahorrando energ\u00eda. Adem\u00e1s, su cubierta y sistema hidrosanitario se dise\u00f1an para captar, tratar y reutilizar el agua lluvia en los inodoros, ahorrando as\u00ed hasta 60.000 litros de agua mensual, y sus lavamanos se ubican en el exterior contra el and\u00e9n, facilitando que cualquier persona tenga acceso al agua potable.\" \/>\n<meta property=\"og:url\" content=\"https:\/\/monadconstruccion.com\/index.php\/producto\/bano-azul\/\" \/>\n<meta property=\"og:site_name\" content=\"Monad Construcci\u00f3n Simbi\u00f3tica\" \/>\n<meta property=\"article:modified_time\" content=\"2024-06-14T15:45:57+00:00\" \/>\n<meta property=\"og:image\" content=\"https:\/\/monadconstruccion.com\/wp-content\/uploads\/2024\/05\/04.jpg\" \/>\n\t<meta property=\"og:image:width\" content=\"1920\" \/>\n\t<meta property=\"og:image:height\" content=\"1080\" \/>\n\t<meta property=\"og:image:type\" content=\"image\/jpeg\" \/>\n<meta name=\"twitter:card\" content=\"summary_large_image\" \/>\n<meta name=\"twitter:label1\" content=\"Tiempo de lectura\" \/>\n\t<meta name=\"twitter:data1\" content=\"1 minuto\" \/>\n<script type=\"application\/ld+json\" class=\"yoast-schema-graph\">{\"@context\":\"https:\/\/schema.org\",\"@graph\":[{\"@type\":\"WebPage\",\"@id\":\"https:\/\/monadconstruccion.com\/index.php\/producto\/bano-azul\/\",\"url\":\"https:\/\/monadconstruccion.com\/index.php\/producto\/bano-azul\/\",\"name\":\"Ba\u00f1o Azul - Monad Construcci\u00f3n Simbi\u00f3tica\",\"isPartOf\":{\"@id\":\"https:\/\/monadconstruccion.com\/#website\"},\"primaryImageOfPage\":{\"@id\":\"https:\/\/monadconstruccion.com\/index.php\/producto\/bano-azul\/#primaryimage\"},\"image\":{\"@id\":\"https:\/\/monadconstruccion.com\/index.php\/producto\/bano-azul\/#primaryimage\"},\"thumbnailUrl\":\"https:\/\/monadconstruccion.com\/wp-content\/uploads\/2024\/05\/04.jpg\",\"datePublished\":\"2024-05-28T15:18:30+00:00\",\"dateModified\":\"2024-06-14T15:45:57+00:00\",\"breadcrumb\":{\"@id\":\"https:\/\/monadconstruccion.com\/index.php\/producto\/bano-azul\/#breadcrumb\"},\"inLanguage\":\"es-CO\",\"potentialAction\":[{\"@type\":\"ReadAction\",\"target\":[\"https:\/\/monadconstruccion.com\/index.php\/producto\/bano-azul\/\"]}]},{\"@type\":\"ImageObject\",\"inLanguage\":\"es-CO\",\"@id\":\"https:\/\/monadconstruccion.com\/index.php\/producto\/bano-azul\/#primaryimage\",\"url\":\"https:\/\/monadconstruccion.com\/wp-content\/uploads\/2024\/05\/04.jpg\",\"contentUrl\":\"https:\/\/monadconstruccion.com\/wp-content\/uploads\/2024\/05\/04.jpg\",\"width\":1920,\"height\":1080},{\"@type\":\"BreadcrumbList\",\"@id\":\"https:\/\/monadconstruccion.com\/index.php\/producto\/bano-azul\/#breadcrumb\",\"itemListElement\":[{\"@type\":\"ListItem\",\"position\":1,\"name\":\"Inicio\",\"item\":\"https:\/\/monadconstruccion.com\/\"},{\"@type\":\"ListItem\",\"position\":2,\"name\":\"Proyectos\",\"item\":\"https:\/\/monadconstruccion.com\/index.php\/proyectos\/\"},{\"@type\":\"ListItem\",\"position\":3,\"name\":\"Ba\u00f1o Azul\"}]},{\"@type\":\"WebSite\",\"@id\":\"https:\/\/monadconstruccion.com\/#website\",\"url\":\"https:\/\/monadconstruccion.com\/\",\"name\":\"Monad Construcci\u00f3n Simbi\u00f3tica\",\"description\":\"Monad Construcci\u00f3n Simbi\u00f3tica es una compa\u00f1\u00eda especializada en desarrollar proyectos de Arquitectura e Ingenier\u00eda Estructural\",\"publisher\":{\"@id\":\"https:\/\/monadconstruccion.com\/#organization\"},\"potentialAction\":[{\"@type\":\"SearchAction\",\"target\":{\"@type\":\"EntryPoint\",\"urlTemplate\":\"https:\/\/monadconstruccion.com\/?s={search_term_string}\"},\"query-input\":\"required name=search_term_string\"}],\"inLanguage\":\"es-CO\"},{\"@type\":\"Organization\",\"@id\":\"https:\/\/monadconstruccion.com\/#organization\",\"name\":\"Monad Construcci\u00f3n Simbi\u00f3tica\",\"url\":\"https:\/\/monadconstruccion.com\/\",\"logo\":{\"@type\":\"ImageObject\",\"inLanguage\":\"es-CO\",\"@id\":\"https:\/\/monadconstruccion.com\/#\/schema\/logo\/image\/\",\"url\":\"https:\/\/monadconstruccion.com\/wp-content\/uploads\/2023\/05\/cropped-Grupo-214@3x.png\",\"contentUrl\":\"https:\/\/monadconstruccion.com\/wp-content\/uploads\/2023\/05\/cropped-Grupo-214@3x.png\",\"width\":512,\"height\":512,\"caption\":\"Monad Construcci\u00f3n Simbi\u00f3tica\"},\"image\":{\"@id\":\"https:\/\/monadconstruccion.com\/#\/schema\/logo\/image\/\"},\"sameAs\":[\"https:\/\/www.instagram.com\/monadconstruccion\/\",\"https:\/\/www.linkedin.com\/company\/monad-group\/?originalSubdomain=co\"]}]}<\/script>\n<!-- \/ Yoast SEO plugin. -->","yoast_head_json":{"title":"Ba\u00f1o Azul - Monad Construcci\u00f3n Simbi\u00f3tica","robots":{"index":"index","follow":"follow","max-snippet":"max-snippet:-1","max-image-preview":"max-image-preview:large","max-video-preview":"max-video-preview:-1"},"canonical":"https:\/\/monadconstruccion.com\/index.php\/producto\/bano-azul\/","og_locale":"es_ES","og_type":"article","og_title":"Ba\u00f1o Azul - Monad Construcci\u00f3n Simbi\u00f3tica","og_description":"Especificaciones Ubicaci\u00f3n: Bogot\u00e1 D.C. A\u00f1o: 2024 \u00c1rea: 53 m2 Cliente: Fundaci\u00f3n Conciencia Ciudadana Estudios y Dise\u00f1os  El Ba\u00f1o Azul consiste en la construcci\u00f3n de una bater\u00eda de cinco ba\u00f1os accesibles y asequibles a la ciudadan\u00eda, caracterizado por una arquitectura ic\u00f3nica colorida y por un nuevo relacionamiento sostenible con el agua y la naturaleza. Su nombre Ba\u00f1o Azul se debe a que el proyecto elimina el 60% del concreto en el suelo y se eleva 90 cent\u00edmetros, permitiendo as\u00ed que la nueva superficie libre se transforme en un gran jard\u00edn de lluvia permeable, restaurando el ciclo natural entre el agua y el suelo, y creando nuevas \u00e1reas y muros verdes que aumenten la biodiversidad dentro de la ciudad.  Su fachada se estructura con un sistema especial de entrabe de ladrillos de arcilla fabricados con gas, disminuyendo hasta un 45% la generaci\u00f3n de di\u00f3xido de carbono desde su fabricaci\u00f3n, y permitiendo la m\u00e1xima ventilaci\u00f3n natural en los cinco ba\u00f1os ahorrando energ\u00eda. Adem\u00e1s, su cubierta y sistema hidrosanitario se dise\u00f1an para captar, tratar y reutilizar el agua lluvia en los inodoros, ahorrando as\u00ed hasta 60.000 litros de agua mensual, y sus lavamanos se ubican en el exterior contra el and\u00e9n, facilitando que cualquier persona tenga acceso al agua potable.","og_url":"https:\/\/monadconstruccion.com\/index.php\/producto\/bano-azul\/","og_site_name":"Monad Construcci\u00f3n Simbi\u00f3tica","article_modified_time":"2024-06-14T15:45:57+00:00","og_image":[{"width":1920,"height":1080,"url":"https:\/\/monadconstruccion.com\/wp-content\/uploads\/2024\/05\/04.jpg","type":"image\/jpeg"}],"twitter_card":"summary_large_image","twitter_misc":{"Tiempo de lectura":"1 minuto"},"schema":{"@context":"https:\/\/schema.org","@graph":[{"@type":"WebPage","@id":"https:\/\/monadconstruccion.com\/index.php\/producto\/bano-azul\/","url":"https:\/\/monadconstruccion.com\/index.php\/producto\/bano-azul\/","name":"Ba\u00f1o Azul - Monad Construcci\u00f3n Simbi\u00f3tica","isPartOf":{"@id":"https:\/\/monadconstruccion.com\/#website"},"primaryImageOfPage":{"@id":"https:\/\/monadconstruccion.com\/index.php\/producto\/bano-azul\/#primaryimage"},"image":{"@id":"https:\/\/monadconstruccion.com\/index.php\/producto\/bano-azul\/#primaryimage"},"thumbnailUrl":"https:\/\/monadconstruccion.com\/wp-content\/uploads\/2024\/05\/04.jpg","datePublished":"2024-05-28T15:18:30+00:00","dateModified":"2024-06-14T15:45:57+00:00","breadcrumb":{"@id":"https:\/\/monadconstruccion.com\/index.php\/producto\/bano-azul\/#breadcrumb"},"inLanguage":"es-CO","potentialAction":[{"@type":"ReadAction","target":["https:\/\/monadconstruccion.com\/index.php\/producto\/bano-azul\/"]}]},{"@type":"ImageObject","inLanguage":"es-CO","@id":"https:\/\/monadconstruccion.com\/index.php\/producto\/bano-azul\/#primaryimage","url":"https:\/\/monadconstruccion.com\/wp-content\/uploads\/2024\/05\/04.jpg","contentUrl":"https:\/\/monadconstruccion.com\/wp-content\/uploads\/2024\/05\/04.jpg","width":1920,"height":1080},{"@type":"BreadcrumbList","@id":"https:\/\/monadconstruccion.com\/index.php\/producto\/bano-azul\/#breadcrumb","itemListElement":[{"@type":"ListItem","position":1,"name":"Inicio","item":"https:\/\/monadconstruccion.com\/"},{"@type":"ListItem","position":2,"name":"Proyectos","item":"https:\/\/monadconstruccion.com\/index.php\/proyectos\/"},{"@type":"ListItem","position":3,"name":"Ba\u00f1o Azul"}]},{"@type":"WebSite","@id":"https:\/\/monadconstruccion.com\/#website","url":"https:\/\/monadconstruccion.com\/","name":"Monad Construcci\u00f3n Simbi\u00f3tica","description":"Monad Construcci\u00f3n Simbi\u00f3tica es una compa\u00f1\u00eda especializada en desarrollar proyectos de Arquitectura e Ingenier\u00eda Estructural","publisher":{"@id":"https:\/\/monadconstruccion.com\/#organization"},"potentialAction":[{"@type":"SearchAction","target":{"@type":"EntryPoint","urlTemplate":"https:\/\/monadconstruccion.com\/?s={search_term_string}"},"query-input":"required name=search_term_string"}],"inLanguage":"es-CO"},{"@type":"Organization","@id":"https:\/\/monadconstruccion.com\/#organization","name":"Monad Construcci\u00f3n Simbi\u00f3tica","url":"https:\/\/monadconstruccion.com\/","logo":{"@type":"ImageObject","inLanguage":"es-CO","@id":"https:\/\/monadconstruccion.com\/#\/schema\/logo\/image\/","url":"https:\/\/monadconstruccion.com\/wp-content\/uploads\/2023\/05\/cropped-Grupo-214@3x.png","contentUrl":"https:\/\/monadconstruccion.com\/wp-content\/uploads\/2023\/05\/cropped-Grupo-214@3x.png","width":512,"height":512,"caption":"Monad Construcci\u00f3n Simbi\u00f3tica"},"image":{"@id":"https:\/\/monadconstruccion.com\/#\/schema\/logo\/image\/"},"sameAs":["https:\/\/www.instagram.com\/monadconstruccion\/","https:\/\/www.linkedin.com\/company\/monad-group\/?originalSubdomain=co"]}]}},"_links":{"self":[{"href":"https:\/\/monadconstruccion.com\/index.php\/wp-json\/wp\/v2\/product\/519","targetHints":{"allow":["GET"]}}],"collection":[{"href":"https:\/\/monadconstruccion.com\/index.php\/wp-json\/wp\/v2\/product"}],"about":[{"href":"https:\/\/monadconstruccion.com\/index.php\/wp-json\/wp\/v2\/types\/product"}],"replies":[{"embeddable":true,"href":"https:\/\/monadconstruccion.com\/index.php\/wp-json\/wp\/v2\/comments?post=519"}],"wp:featuredmedia":[{"embeddable":true,"href":"https:\/\/monadconstruccion.com\/index.php\/wp-json\/wp\/v2\/media\/541"}],"wp:attachment":[{"href":"https:\/\/monadconstruccion.com\/index.php\/wp-json\/wp\/v2\/media?parent=519"}],"wp:term":[{"taxonomy":"product_cat","embeddable":true,"href":"https:\/\/monadconstruccion.com\/index.php\/wp-json\/wp\/v2\/product_cat?post=519"},{"taxonomy":"product_tag","embeddable":true,"href":"https:\/\/monadconstruccion.com\/index.php\/wp-json\/wp\/v2\/product_tag?post=519"}],"curies":[{"name":"wp","href":"https:\/\/api.w.org\/{rel}","templated":true}]}}