{"id":161,"date":"2023-05-11T12:26:34","date_gmt":"2023-05-11T17:26:34","guid":{"rendered":"http:\/\/monad.brandsholdingcompany.com\/?post_type=product&#038;p=161"},"modified":"2024-05-28T10:24:52","modified_gmt":"2024-05-28T15:24:52","slug":"albergue-desarrollo-humanitario","status":"publish","type":"product","link":"https:\/\/monadconstruccion.com\/index.php\/producto\/albergue-desarrollo-humanitario\/","title":{"rendered":"Albergue Desarrollo Humanitario"},"content":{"rendered":"[vc_row type=&#8221;in_container&#8221; full_screen_row_position=&#8221;middle&#8221; column_margin=&#8221;default&#8221; column_direction=&#8221;default&#8221; column_direction_tablet=&#8221;default&#8221; column_direction_phone=&#8221;default&#8221; scene_position=&#8221;center&#8221; text_color=&#8221;dark&#8221; text_align=&#8221;left&#8221; row_border_radius=&#8221;none&#8221; row_border_radius_applies=&#8221;bg&#8221; overflow=&#8221;visible&#8221; overlay_strength=&#8221;0.3&#8243; gradient_direction=&#8221;left_to_right&#8221; shape_divider_position=&#8221;bottom&#8221; bg_image_animation=&#8221;none&#8221;][vc_column column_padding=&#8221;no-extra-padding&#8221; column_padding_tablet=&#8221;inherit&#8221; column_padding_phone=&#8221;inherit&#8221; column_padding_position=&#8221;all&#8221; column_element_spacing=&#8221;default&#8221; background_color_opacity=&#8221;1&#8243; background_hover_color_opacity=&#8221;1&#8243; column_shadow=&#8221;none&#8221; column_border_radius=&#8221;none&#8221; column_link_target=&#8221;_self&#8221; column_position=&#8221;default&#8221; gradient_direction=&#8221;left_to_right&#8221; overlay_strength=&#8221;0.3&#8243; width=&#8221;1\/1&#8243; tablet_width_inherit=&#8221;default&#8221; tablet_text_alignment=&#8221;default&#8221; phone_text_alignment=&#8221;default&#8221; animation_type=&#8221;default&#8221; bg_image_animation=&#8221;none&#8221; border_type=&#8221;simple&#8221; column_border_width=&#8221;none&#8221; column_border_style=&#8221;solid&#8221;][vc_gallery type=&#8221;image_grid&#8221; images=&#8221;379,381,380,378,377,376&#8243; image_grid_loading=&#8221;default&#8221; layout=&#8221;4&#8243; item_spacing=&#8221;default&#8221; gallery_style=&#8221;7&#8243; load_in_animation=&#8221;none&#8221; img_size=&#8221;600&#215;400&#8243;][\/vc_column][\/vc_row]\n","protected":false},"excerpt":{"rendered":"<h4><strong>Especificaciones<\/strong><\/h4>\n<p><strong>Ubicaci\u00f3n:<\/strong> San Jos\u00e9 de C\u00facuta, Norte de Santander<br \/>\n<strong>A\u00f1o:<\/strong> 2016<br \/>\n<strong>\u00c1rea:<\/strong> 4 hect\u00e1reas<br \/>\n<strong>Obra planificada:<\/strong> $ 3.000.000.000<\/p>\n<p>En los inicios del a\u00f1o 2016 inician las primeras consecuencias de la crisis humanitaria venezolana, con su impacto directo sobre la ciudad fronteriza colombiana de San Jos\u00e9 de C\u00facuta. Llegaban los primeros migrantes venezolanos, y los agrupaban en espacios temporales dentro de parques y coliseos de la ciudad, raz\u00f3n por la cual se propuso un Albergue de Desarrollo Humanitario, en donde sus habitantes tendr\u00edan una estad\u00eda temporal dentro de \u00e1reas dignas y sostenibles, teniendo adem\u00e1s la implementaci\u00f3n de programas educativos y productivos dentro del mismo.<\/p>\n","protected":false},"featured_media":379,"comment_status":"closed","ping_status":"closed","template":"","meta":[],"product_cat":[33],"product_tag":[],"class_list":{"0":"post-161","1":"product","2":"type-product","3":"status-publish","4":"has-post-thumbnail","6":"product_cat-equipamiento-publico"},"yoast_head":"<!-- This site is optimized with the Yoast SEO plugin v22.8 - https:\/\/yoast.com\/wordpress\/plugins\/seo\/ -->\n<title>Albergue Desarrollo Humanitario - Monad Construcci\u00f3n Simbi\u00f3tica<\/title>\n<meta name=\"robots\" content=\"index, follow, max-snippet:-1, max-image-preview:large, max-video-preview:-1\" \/>\n<link rel=\"canonical\" href=\"https:\/\/monadconstruccion.com\/index.php\/producto\/albergue-desarrollo-humanitario\/\" \/>\n<meta property=\"og:locale\" content=\"es_ES\" \/>\n<meta property=\"og:type\" content=\"article\" \/>\n<meta property=\"og:title\" content=\"Albergue Desarrollo Humanitario - Monad Construcci\u00f3n Simbi\u00f3tica\" \/>\n<meta property=\"og:description\" content=\"Especificaciones Ubicaci\u00f3n: San Jos\u00e9 de C\u00facuta, Norte de Santander A\u00f1o: 2016 \u00c1rea: 4 hect\u00e1reas Obra planificada: $ 3.000.000.000  En los inicios del a\u00f1o 2016 inician las primeras consecuencias de la crisis humanitaria venezolana, con su impacto directo sobre la ciudad fronteriza colombiana de San Jos\u00e9 de C\u00facuta. Llegaban los primeros migrantes venezolanos, y los agrupaban en espacios temporales dentro de parques y coliseos de la ciudad, raz\u00f3n por la cual se propuso un Albergue de Desarrollo Humanitario, en donde sus habitantes tendr\u00edan una estad\u00eda temporal dentro de \u00e1reas dignas y sostenibles, teniendo adem\u00e1s la implementaci\u00f3n de programas educativos y productivos dentro del mismo.\" \/>\n<meta property=\"og:url\" content=\"https:\/\/monadconstruccion.com\/index.php\/producto\/albergue-desarrollo-humanitario\/\" \/>\n<meta property=\"og:site_name\" content=\"Monad Construcci\u00f3n Simbi\u00f3tica\" \/>\n<meta property=\"article:modified_time\" content=\"2024-05-28T15:24:52+00:00\" \/>\n<meta property=\"og:image\" content=\"https:\/\/monadconstruccion.com\/wp-content\/uploads\/2023\/05\/05_Fachada-scaled.jpg\" \/>\n\t<meta property=\"og:image:width\" content=\"2560\" \/>\n\t<meta property=\"og:image:height\" content=\"1843\" \/>\n\t<meta property=\"og:image:type\" content=\"image\/jpeg\" \/>\n<meta name=\"twitter:card\" content=\"summary_large_image\" \/>\n<meta name=\"twitter:label1\" content=\"Tiempo de lectura\" \/>\n\t<meta name=\"twitter:data1\" content=\"1 minuto\" \/>\n<script type=\"application\/ld+json\" class=\"yoast-schema-graph\">{\"@context\":\"https:\/\/schema.org\",\"@graph\":[{\"@type\":\"WebPage\",\"@id\":\"https:\/\/monadconstruccion.com\/index.php\/producto\/albergue-desarrollo-humanitario\/\",\"url\":\"https:\/\/monadconstruccion.com\/index.php\/producto\/albergue-desarrollo-humanitario\/\",\"name\":\"Albergue Desarrollo Humanitario - Monad Construcci\u00f3n Simbi\u00f3tica\",\"isPartOf\":{\"@id\":\"https:\/\/monadconstruccion.com\/#website\"},\"primaryImageOfPage\":{\"@id\":\"https:\/\/monadconstruccion.com\/index.php\/producto\/albergue-desarrollo-humanitario\/#primaryimage\"},\"image\":{\"@id\":\"https:\/\/monadconstruccion.com\/index.php\/producto\/albergue-desarrollo-humanitario\/#primaryimage\"},\"thumbnailUrl\":\"https:\/\/monadconstruccion.com\/wp-content\/uploads\/2023\/05\/05_Fachada-scaled.jpg\",\"datePublished\":\"2023-05-11T17:26:34+00:00\",\"dateModified\":\"2024-05-28T15:24:52+00:00\",\"breadcrumb\":{\"@id\":\"https:\/\/monadconstruccion.com\/index.php\/producto\/albergue-desarrollo-humanitario\/#breadcrumb\"},\"inLanguage\":\"es-CO\",\"potentialAction\":[{\"@type\":\"ReadAction\",\"target\":[\"https:\/\/monadconstruccion.com\/index.php\/producto\/albergue-desarrollo-humanitario\/\"]}]},{\"@type\":\"ImageObject\",\"inLanguage\":\"es-CO\",\"@id\":\"https:\/\/monadconstruccion.com\/index.php\/producto\/albergue-desarrollo-humanitario\/#primaryimage\",\"url\":\"https:\/\/monadconstruccion.com\/wp-content\/uploads\/2023\/05\/05_Fachada-scaled.jpg\",\"contentUrl\":\"https:\/\/monadconstruccion.com\/wp-content\/uploads\/2023\/05\/05_Fachada-scaled.jpg\",\"width\":2560,\"height\":1843},{\"@type\":\"BreadcrumbList\",\"@id\":\"https:\/\/monadconstruccion.com\/index.php\/producto\/albergue-desarrollo-humanitario\/#breadcrumb\",\"itemListElement\":[{\"@type\":\"ListItem\",\"position\":1,\"name\":\"Inicio\",\"item\":\"https:\/\/monadconstruccion.com\/\"},{\"@type\":\"ListItem\",\"position\":2,\"name\":\"Proyectos\",\"item\":\"https:\/\/monadconstruccion.com\/index.php\/proyectos\/\"},{\"@type\":\"ListItem\",\"position\":3,\"name\":\"Albergue Desarrollo Humanitario\"}]},{\"@type\":\"WebSite\",\"@id\":\"https:\/\/monadconstruccion.com\/#website\",\"url\":\"https:\/\/monadconstruccion.com\/\",\"name\":\"Monad Construcci\u00f3n Simbi\u00f3tica\",\"description\":\"Monad Construcci\u00f3n Simbi\u00f3tica es una compa\u00f1\u00eda especializada en desarrollar proyectos de Arquitectura e Ingenier\u00eda Estructural\",\"publisher\":{\"@id\":\"https:\/\/monadconstruccion.com\/#organization\"},\"potentialAction\":[{\"@type\":\"SearchAction\",\"target\":{\"@type\":\"EntryPoint\",\"urlTemplate\":\"https:\/\/monadconstruccion.com\/?s={search_term_string}\"},\"query-input\":\"required name=search_term_string\"}],\"inLanguage\":\"es-CO\"},{\"@type\":\"Organization\",\"@id\":\"https:\/\/monadconstruccion.com\/#organization\",\"name\":\"Monad Construcci\u00f3n Simbi\u00f3tica\",\"url\":\"https:\/\/monadconstruccion.com\/\",\"logo\":{\"@type\":\"ImageObject\",\"inLanguage\":\"es-CO\",\"@id\":\"https:\/\/monadconstruccion.com\/#\/schema\/logo\/image\/\",\"url\":\"https:\/\/monadconstruccion.com\/wp-content\/uploads\/2023\/05\/cropped-Grupo-214@3x.png\",\"contentUrl\":\"https:\/\/monadconstruccion.com\/wp-content\/uploads\/2023\/05\/cropped-Grupo-214@3x.png\",\"width\":512,\"height\":512,\"caption\":\"Monad Construcci\u00f3n Simbi\u00f3tica\"},\"image\":{\"@id\":\"https:\/\/monadconstruccion.com\/#\/schema\/logo\/image\/\"},\"sameAs\":[\"https:\/\/www.instagram.com\/monadconstruccion\/\",\"https:\/\/www.linkedin.com\/company\/monad-group\/?originalSubdomain=co\"]}]}<\/script>\n<!-- \/ Yoast SEO plugin. -->","yoast_head_json":{"title":"Albergue Desarrollo Humanitario - Monad Construcci\u00f3n Simbi\u00f3tica","robots":{"index":"index","follow":"follow","max-snippet":"max-snippet:-1","max-image-preview":"max-image-preview:large","max-video-preview":"max-video-preview:-1"},"canonical":"https:\/\/monadconstruccion.com\/index.php\/producto\/albergue-desarrollo-humanitario\/","og_locale":"es_ES","og_type":"article","og_title":"Albergue Desarrollo Humanitario - Monad Construcci\u00f3n Simbi\u00f3tica","og_description":"Especificaciones Ubicaci\u00f3n: San Jos\u00e9 de C\u00facuta, Norte de Santander A\u00f1o: 2016 \u00c1rea: 4 hect\u00e1reas Obra planificada: $ 3.000.000.000  En los inicios del a\u00f1o 2016 inician las primeras consecuencias de la crisis humanitaria venezolana, con su impacto directo sobre la ciudad fronteriza colombiana de San Jos\u00e9 de C\u00facuta. Llegaban los primeros migrantes venezolanos, y los agrupaban en espacios temporales dentro de parques y coliseos de la ciudad, raz\u00f3n por la cual se propuso un Albergue de Desarrollo Humanitario, en donde sus habitantes tendr\u00edan una estad\u00eda temporal dentro de \u00e1reas dignas y sostenibles, teniendo adem\u00e1s la implementaci\u00f3n de programas educativos y productivos dentro del mismo.","og_url":"https:\/\/monadconstruccion.com\/index.php\/producto\/albergue-desarrollo-humanitario\/","og_site_name":"Monad Construcci\u00f3n Simbi\u00f3tica","article_modified_time":"2024-05-28T15:24:52+00:00","og_image":[{"width":2560,"height":1843,"url":"https:\/\/monadconstruccion.com\/wp-content\/uploads\/2023\/05\/05_Fachada-scaled.jpg","type":"image\/jpeg"}],"twitter_card":"summary_large_image","twitter_misc":{"Tiempo de lectura":"1 minuto"},"schema":{"@context":"https:\/\/schema.org","@graph":[{"@type":"WebPage","@id":"https:\/\/monadconstruccion.com\/index.php\/producto\/albergue-desarrollo-humanitario\/","url":"https:\/\/monadconstruccion.com\/index.php\/producto\/albergue-desarrollo-humanitario\/","name":"Albergue Desarrollo Humanitario - Monad Construcci\u00f3n Simbi\u00f3tica","isPartOf":{"@id":"https:\/\/monadconstruccion.com\/#website"},"primaryImageOfPage":{"@id":"https:\/\/monadconstruccion.com\/index.php\/producto\/albergue-desarrollo-humanitario\/#primaryimage"},"image":{"@id":"https:\/\/monadconstruccion.com\/index.php\/producto\/albergue-desarrollo-humanitario\/#primaryimage"},"thumbnailUrl":"https:\/\/monadconstruccion.com\/wp-content\/uploads\/2023\/05\/05_Fachada-scaled.jpg","datePublished":"2023-05-11T17:26:34+00:00","dateModified":"2024-05-28T15:24:52+00:00","breadcrumb":{"@id":"https:\/\/monadconstruccion.com\/index.php\/producto\/albergue-desarrollo-humanitario\/#breadcrumb"},"inLanguage":"es-CO","potentialAction":[{"@type":"ReadAction","target":["https:\/\/monadconstruccion.com\/index.php\/producto\/albergue-desarrollo-humanitario\/"]}]},{"@type":"ImageObject","inLanguage":"es-CO","@id":"https:\/\/monadconstruccion.com\/index.php\/producto\/albergue-desarrollo-humanitario\/#primaryimage","url":"https:\/\/monadconstruccion.com\/wp-content\/uploads\/2023\/05\/05_Fachada-scaled.jpg","contentUrl":"https:\/\/monadconstruccion.com\/wp-content\/uploads\/2023\/05\/05_Fachada-scaled.jpg","width":2560,"height":1843},{"@type":"BreadcrumbList","@id":"https:\/\/monadconstruccion.com\/index.php\/producto\/albergue-desarrollo-humanitario\/#breadcrumb","itemListElement":[{"@type":"ListItem","position":1,"name":"Inicio","item":"https:\/\/monadconstruccion.com\/"},{"@type":"ListItem","position":2,"name":"Proyectos","item":"https:\/\/monadconstruccion.com\/index.php\/proyectos\/"},{"@type":"ListItem","position":3,"name":"Albergue Desarrollo Humanitario"}]},{"@type":"WebSite","@id":"https:\/\/monadconstruccion.com\/#website","url":"https:\/\/monadconstruccion.com\/","name":"Monad Construcci\u00f3n Simbi\u00f3tica","description":"Monad Construcci\u00f3n Simbi\u00f3tica es una compa\u00f1\u00eda especializada en desarrollar proyectos de Arquitectura e Ingenier\u00eda Estructural","publisher":{"@id":"https:\/\/monadconstruccion.com\/#organization"},"potentialAction":[{"@type":"SearchAction","target":{"@type":"EntryPoint","urlTemplate":"https:\/\/monadconstruccion.com\/?s={search_term_string}"},"query-input":"required name=search_term_string"}],"inLanguage":"es-CO"},{"@type":"Organization","@id":"https:\/\/monadconstruccion.com\/#organization","name":"Monad Construcci\u00f3n Simbi\u00f3tica","url":"https:\/\/monadconstruccion.com\/","logo":{"@type":"ImageObject","inLanguage":"es-CO","@id":"https:\/\/monadconstruccion.com\/#\/schema\/logo\/image\/","url":"https:\/\/monadconstruccion.com\/wp-content\/uploads\/2023\/05\/cropped-Grupo-214@3x.png","contentUrl":"https:\/\/monadconstruccion.com\/wp-content\/uploads\/2023\/05\/cropped-Grupo-214@3x.png","width":512,"height":512,"caption":"Monad Construcci\u00f3n Simbi\u00f3tica"},"image":{"@id":"https:\/\/monadconstruccion.com\/#\/schema\/logo\/image\/"},"sameAs":["https:\/\/www.instagram.com\/monadconstruccion\/","https:\/\/www.linkedin.com\/company\/monad-group\/?originalSubdomain=co"]}]}},"_links":{"self":[{"href":"https:\/\/monadconstruccion.com\/index.php\/wp-json\/wp\/v2\/product\/161","targetHints":{"allow":["GET"]}}],"collection":[{"href":"https:\/\/monadconstruccion.com\/index.php\/wp-json\/wp\/v2\/product"}],"about":[{"href":"https:\/\/monadconstruccion.com\/index.php\/wp-json\/wp\/v2\/types\/product"}],"replies":[{"embeddable":true,"href":"https:\/\/monadconstruccion.com\/index.php\/wp-json\/wp\/v2\/comments?post=161"}],"wp:featuredmedia":[{"embeddable":true,"href":"https:\/\/monadconstruccion.com\/index.php\/wp-json\/wp\/v2\/media\/379"}],"wp:attachment":[{"href":"https:\/\/monadconstruccion.com\/index.php\/wp-json\/wp\/v2\/media?parent=161"}],"wp:term":[{"taxonomy":"product_cat","embeddable":true,"href":"https:\/\/monadconstruccion.com\/index.php\/wp-json\/wp\/v2\/product_cat?post=161"},{"taxonomy":"product_tag","embeddable":true,"href":"https:\/\/monadconstruccion.com\/index.php\/wp-json\/wp\/v2\/product_tag?post=161"}],"curies":[{"name":"wp","href":"https:\/\/api.w.org\/{rel}","templated":true}]}}