{"id":159,"date":"2023-05-11T12:26:26","date_gmt":"2023-05-11T17:26:26","guid":{"rendered":"http:\/\/monad.brandsholdingcompany.com\/?post_type=product&#038;p=159"},"modified":"2023-07-31T18:55:59","modified_gmt":"2023-07-31T23:55:59","slug":"plan-maestro-rio-pamplonita","status":"publish","type":"product","link":"https:\/\/monadconstruccion.com\/index.php\/producto\/plan-maestro-rio-pamplonita\/","title":{"rendered":"Plan Maestro R\u00edo Pamplonita"},"content":{"rendered":"[vc_row type=&#8221;in_container&#8221; full_screen_row_position=&#8221;middle&#8221; column_margin=&#8221;default&#8221; column_direction=&#8221;default&#8221; column_direction_tablet=&#8221;default&#8221; column_direction_phone=&#8221;default&#8221; scene_position=&#8221;center&#8221; text_color=&#8221;dark&#8221; text_align=&#8221;left&#8221; row_border_radius=&#8221;none&#8221; row_border_radius_applies=&#8221;bg&#8221; overflow=&#8221;visible&#8221; overlay_strength=&#8221;0.3&#8243; gradient_direction=&#8221;left_to_right&#8221; shape_divider_position=&#8221;bottom&#8221; bg_image_animation=&#8221;none&#8221;][vc_column column_padding=&#8221;no-extra-padding&#8221; column_padding_tablet=&#8221;inherit&#8221; column_padding_phone=&#8221;inherit&#8221; column_padding_position=&#8221;all&#8221; column_element_spacing=&#8221;default&#8221; background_color_opacity=&#8221;1&#8243; background_hover_color_opacity=&#8221;1&#8243; column_shadow=&#8221;none&#8221; column_border_radius=&#8221;none&#8221; column_link_target=&#8221;_self&#8221; column_position=&#8221;default&#8221; gradient_direction=&#8221;left_to_right&#8221; overlay_strength=&#8221;0.3&#8243; width=&#8221;1\/1&#8243; tablet_width_inherit=&#8221;default&#8221; tablet_text_alignment=&#8221;default&#8221; phone_text_alignment=&#8221;default&#8221; animation_type=&#8221;default&#8221; bg_image_animation=&#8221;none&#8221; border_type=&#8221;simple&#8221; column_border_width=&#8221;none&#8221; column_border_style=&#8221;solid&#8221;][vc_gallery type=&#8221;image_grid&#8221; images=&#8221;138,331,332,333,334,335,336&#8243; image_grid_loading=&#8221;default&#8221; layout=&#8221;4&#8243; item_spacing=&#8221;default&#8221; gallery_style=&#8221;7&#8243; load_in_animation=&#8221;none&#8221; img_size=&#8221;600&#215;400&#8243;][\/vc_column][\/vc_row]\n","protected":false},"excerpt":{"rendered":"<h4><strong>Especificaciones<\/strong><\/h4>\n<p><strong>Ubicaci\u00f3n:<\/strong> \u00c1rea Metropolitana de C\u00facuta, Norte de Santander<br \/>\n<strong>A\u00f1o:<\/strong> 2014 &#8211; 2015<br \/>\n<strong>Cliente:<\/strong> Proyecto de Investigaci\u00f3n \u2013 Pontificia Universidad Javeriana<br \/>\n<strong>\u00c1rea:<\/strong> 932 hect\u00e1reas \u2013 27 kil\u00f3metros<br \/>\n<strong>Obra planificada:<\/strong> $ 9,5 Billones de Pesos<\/p>\n<p>El Plan Maestro del R\u00edo Pamplonita sienta las bases conceptuales y de dise\u00f1o para la completa reestructuraci\u00f3n del eje del r\u00edo en su paso por la ciudad, siendo este el resultado de una nueva relaci\u00f3n sin\u00e9rgica entre un sistema natural y de espacio p\u00fablico, un sistema de movilidad y transporte sostenible, y un sistema de actividades y h\u00e1bitat innovadores alrededor del r\u00edo.<\/p>\n","protected":false},"featured_media":138,"comment_status":"closed","ping_status":"closed","template":"","meta":[],"product_cat":[23],"product_tag":[],"class_list":{"0":"post-159","1":"product","2":"type-product","3":"status-publish","4":"has-post-thumbnail","6":"product_cat-paisajismo"},"yoast_head":"<!-- This site is optimized with the Yoast SEO plugin v22.8 - https:\/\/yoast.com\/wordpress\/plugins\/seo\/ -->\n<title>Plan Maestro R\u00edo Pamplonita - Monad Construcci\u00f3n Simbi\u00f3tica<\/title>\n<meta name=\"robots\" content=\"index, follow, max-snippet:-1, max-image-preview:large, max-video-preview:-1\" \/>\n<link rel=\"canonical\" href=\"https:\/\/monadconstruccion.com\/index.php\/producto\/plan-maestro-rio-pamplonita\/\" \/>\n<meta property=\"og:locale\" content=\"es_ES\" \/>\n<meta property=\"og:type\" content=\"article\" \/>\n<meta property=\"og:title\" content=\"Plan Maestro R\u00edo Pamplonita - Monad Construcci\u00f3n Simbi\u00f3tica\" \/>\n<meta property=\"og:description\" content=\"Especificaciones Ubicaci\u00f3n: \u00c1rea Metropolitana de C\u00facuta, Norte de Santander A\u00f1o: 2014 - 2015 Cliente: Proyecto de Investigaci\u00f3n \u2013 Pontificia Universidad Javeriana \u00c1rea: 932 hect\u00e1reas \u2013 27 kil\u00f3metros Obra planificada: $ 9,5 Billones de Pesos  El Plan Maestro del R\u00edo Pamplonita sienta las bases conceptuales y de dise\u00f1o para la completa reestructuraci\u00f3n del eje del r\u00edo en su paso por la ciudad, siendo este el resultado de una nueva relaci\u00f3n sin\u00e9rgica entre un sistema natural y de espacio p\u00fablico, un sistema de movilidad y transporte sostenible, y un sistema de actividades y h\u00e1bitat innovadores alrededor del r\u00edo.\" \/>\n<meta property=\"og:url\" content=\"https:\/\/monadconstruccion.com\/index.php\/producto\/plan-maestro-rio-pamplonita\/\" \/>\n<meta property=\"og:site_name\" content=\"Monad Construcci\u00f3n Simbi\u00f3tica\" \/>\n<meta property=\"article:modified_time\" content=\"2023-07-31T23:55:59+00:00\" \/>\n<meta property=\"og:image\" content=\"https:\/\/monadconstruccion.com\/wp-content\/uploads\/2023\/05\/WhatsApp-Image-2023-05-11-at-10.47.45-AM.jpeg\" \/>\n\t<meta property=\"og:image:width\" content=\"821\" \/>\n\t<meta property=\"og:image:height\" content=\"616\" \/>\n\t<meta property=\"og:image:type\" content=\"image\/jpeg\" \/>\n<meta name=\"twitter:card\" content=\"summary_large_image\" \/>\n<meta name=\"twitter:label1\" content=\"Tiempo de lectura\" \/>\n\t<meta name=\"twitter:data1\" content=\"1 minuto\" \/>\n<script type=\"application\/ld+json\" class=\"yoast-schema-graph\">{\"@context\":\"https:\/\/schema.org\",\"@graph\":[{\"@type\":\"WebPage\",\"@id\":\"https:\/\/monadconstruccion.com\/index.php\/producto\/plan-maestro-rio-pamplonita\/\",\"url\":\"https:\/\/monadconstruccion.com\/index.php\/producto\/plan-maestro-rio-pamplonita\/\",\"name\":\"Plan Maestro R\u00edo Pamplonita - Monad Construcci\u00f3n Simbi\u00f3tica\",\"isPartOf\":{\"@id\":\"https:\/\/monadconstruccion.com\/#website\"},\"primaryImageOfPage\":{\"@id\":\"https:\/\/monadconstruccion.com\/index.php\/producto\/plan-maestro-rio-pamplonita\/#primaryimage\"},\"image\":{\"@id\":\"https:\/\/monadconstruccion.com\/index.php\/producto\/plan-maestro-rio-pamplonita\/#primaryimage\"},\"thumbnailUrl\":\"https:\/\/monadconstruccion.com\/wp-content\/uploads\/2023\/05\/WhatsApp-Image-2023-05-11-at-10.47.45-AM.jpeg\",\"datePublished\":\"2023-05-11T17:26:26+00:00\",\"dateModified\":\"2023-07-31T23:55:59+00:00\",\"breadcrumb\":{\"@id\":\"https:\/\/monadconstruccion.com\/index.php\/producto\/plan-maestro-rio-pamplonita\/#breadcrumb\"},\"inLanguage\":\"es-CO\",\"potentialAction\":[{\"@type\":\"ReadAction\",\"target\":[\"https:\/\/monadconstruccion.com\/index.php\/producto\/plan-maestro-rio-pamplonita\/\"]}]},{\"@type\":\"ImageObject\",\"inLanguage\":\"es-CO\",\"@id\":\"https:\/\/monadconstruccion.com\/index.php\/producto\/plan-maestro-rio-pamplonita\/#primaryimage\",\"url\":\"https:\/\/monadconstruccion.com\/wp-content\/uploads\/2023\/05\/WhatsApp-Image-2023-05-11-at-10.47.45-AM.jpeg\",\"contentUrl\":\"https:\/\/monadconstruccion.com\/wp-content\/uploads\/2023\/05\/WhatsApp-Image-2023-05-11-at-10.47.45-AM.jpeg\",\"width\":821,\"height\":616},{\"@type\":\"BreadcrumbList\",\"@id\":\"https:\/\/monadconstruccion.com\/index.php\/producto\/plan-maestro-rio-pamplonita\/#breadcrumb\",\"itemListElement\":[{\"@type\":\"ListItem\",\"position\":1,\"name\":\"Inicio\",\"item\":\"https:\/\/monadconstruccion.com\/\"},{\"@type\":\"ListItem\",\"position\":2,\"name\":\"Proyectos\",\"item\":\"https:\/\/monadconstruccion.com\/index.php\/proyectos\/\"},{\"@type\":\"ListItem\",\"position\":3,\"name\":\"Plan Maestro R\u00edo Pamplonita\"}]},{\"@type\":\"WebSite\",\"@id\":\"https:\/\/monadconstruccion.com\/#website\",\"url\":\"https:\/\/monadconstruccion.com\/\",\"name\":\"Monad Construcci\u00f3n Simbi\u00f3tica\",\"description\":\"Monad Construcci\u00f3n Simbi\u00f3tica es una compa\u00f1\u00eda especializada en desarrollar proyectos de Arquitectura e Ingenier\u00eda Estructural\",\"publisher\":{\"@id\":\"https:\/\/monadconstruccion.com\/#organization\"},\"potentialAction\":[{\"@type\":\"SearchAction\",\"target\":{\"@type\":\"EntryPoint\",\"urlTemplate\":\"https:\/\/monadconstruccion.com\/?s={search_term_string}\"},\"query-input\":\"required name=search_term_string\"}],\"inLanguage\":\"es-CO\"},{\"@type\":\"Organization\",\"@id\":\"https:\/\/monadconstruccion.com\/#organization\",\"name\":\"Monad Construcci\u00f3n Simbi\u00f3tica\",\"url\":\"https:\/\/monadconstruccion.com\/\",\"logo\":{\"@type\":\"ImageObject\",\"inLanguage\":\"es-CO\",\"@id\":\"https:\/\/monadconstruccion.com\/#\/schema\/logo\/image\/\",\"url\":\"https:\/\/monadconstruccion.com\/wp-content\/uploads\/2023\/05\/cropped-Grupo-214@3x.png\",\"contentUrl\":\"https:\/\/monadconstruccion.com\/wp-content\/uploads\/2023\/05\/cropped-Grupo-214@3x.png\",\"width\":512,\"height\":512,\"caption\":\"Monad Construcci\u00f3n Simbi\u00f3tica\"},\"image\":{\"@id\":\"https:\/\/monadconstruccion.com\/#\/schema\/logo\/image\/\"},\"sameAs\":[\"https:\/\/www.instagram.com\/monadconstruccion\/\",\"https:\/\/www.linkedin.com\/company\/monad-group\/?originalSubdomain=co\"]}]}<\/script>\n<!-- \/ Yoast SEO plugin. -->","yoast_head_json":{"title":"Plan Maestro R\u00edo Pamplonita - Monad Construcci\u00f3n Simbi\u00f3tica","robots":{"index":"index","follow":"follow","max-snippet":"max-snippet:-1","max-image-preview":"max-image-preview:large","max-video-preview":"max-video-preview:-1"},"canonical":"https:\/\/monadconstruccion.com\/index.php\/producto\/plan-maestro-rio-pamplonita\/","og_locale":"es_ES","og_type":"article","og_title":"Plan Maestro R\u00edo Pamplonita - Monad Construcci\u00f3n Simbi\u00f3tica","og_description":"Especificaciones Ubicaci\u00f3n: \u00c1rea Metropolitana de C\u00facuta, Norte de Santander A\u00f1o: 2014 - 2015 Cliente: Proyecto de Investigaci\u00f3n \u2013 Pontificia Universidad Javeriana \u00c1rea: 932 hect\u00e1reas \u2013 27 kil\u00f3metros Obra planificada: $ 9,5 Billones de Pesos  El Plan Maestro del R\u00edo Pamplonita sienta las bases conceptuales y de dise\u00f1o para la completa reestructuraci\u00f3n del eje del r\u00edo en su paso por la ciudad, siendo este el resultado de una nueva relaci\u00f3n sin\u00e9rgica entre un sistema natural y de espacio p\u00fablico, un sistema de movilidad y transporte sostenible, y un sistema de actividades y h\u00e1bitat innovadores alrededor del r\u00edo.","og_url":"https:\/\/monadconstruccion.com\/index.php\/producto\/plan-maestro-rio-pamplonita\/","og_site_name":"Monad Construcci\u00f3n Simbi\u00f3tica","article_modified_time":"2023-07-31T23:55:59+00:00","og_image":[{"width":821,"height":616,"url":"https:\/\/monadconstruccion.com\/wp-content\/uploads\/2023\/05\/WhatsApp-Image-2023-05-11-at-10.47.45-AM.jpeg","type":"image\/jpeg"}],"twitter_card":"summary_large_image","twitter_misc":{"Tiempo de lectura":"1 minuto"},"schema":{"@context":"https:\/\/schema.org","@graph":[{"@type":"WebPage","@id":"https:\/\/monadconstruccion.com\/index.php\/producto\/plan-maestro-rio-pamplonita\/","url":"https:\/\/monadconstruccion.com\/index.php\/producto\/plan-maestro-rio-pamplonita\/","name":"Plan Maestro R\u00edo Pamplonita - Monad Construcci\u00f3n Simbi\u00f3tica","isPartOf":{"@id":"https:\/\/monadconstruccion.com\/#website"},"primaryImageOfPage":{"@id":"https:\/\/monadconstruccion.com\/index.php\/producto\/plan-maestro-rio-pamplonita\/#primaryimage"},"image":{"@id":"https:\/\/monadconstruccion.com\/index.php\/producto\/plan-maestro-rio-pamplonita\/#primaryimage"},"thumbnailUrl":"https:\/\/monadconstruccion.com\/wp-content\/uploads\/2023\/05\/WhatsApp-Image-2023-05-11-at-10.47.45-AM.jpeg","datePublished":"2023-05-11T17:26:26+00:00","dateModified":"2023-07-31T23:55:59+00:00","breadcrumb":{"@id":"https:\/\/monadconstruccion.com\/index.php\/producto\/plan-maestro-rio-pamplonita\/#breadcrumb"},"inLanguage":"es-CO","potentialAction":[{"@type":"ReadAction","target":["https:\/\/monadconstruccion.com\/index.php\/producto\/plan-maestro-rio-pamplonita\/"]}]},{"@type":"ImageObject","inLanguage":"es-CO","@id":"https:\/\/monadconstruccion.com\/index.php\/producto\/plan-maestro-rio-pamplonita\/#primaryimage","url":"https:\/\/monadconstruccion.com\/wp-content\/uploads\/2023\/05\/WhatsApp-Image-2023-05-11-at-10.47.45-AM.jpeg","contentUrl":"https:\/\/monadconstruccion.com\/wp-content\/uploads\/2023\/05\/WhatsApp-Image-2023-05-11-at-10.47.45-AM.jpeg","width":821,"height":616},{"@type":"BreadcrumbList","@id":"https:\/\/monadconstruccion.com\/index.php\/producto\/plan-maestro-rio-pamplonita\/#breadcrumb","itemListElement":[{"@type":"ListItem","position":1,"name":"Inicio","item":"https:\/\/monadconstruccion.com\/"},{"@type":"ListItem","position":2,"name":"Proyectos","item":"https:\/\/monadconstruccion.com\/index.php\/proyectos\/"},{"@type":"ListItem","position":3,"name":"Plan Maestro R\u00edo Pamplonita"}]},{"@type":"WebSite","@id":"https:\/\/monadconstruccion.com\/#website","url":"https:\/\/monadconstruccion.com\/","name":"Monad Construcci\u00f3n Simbi\u00f3tica","description":"Monad Construcci\u00f3n Simbi\u00f3tica es una compa\u00f1\u00eda especializada en desarrollar proyectos de Arquitectura e Ingenier\u00eda Estructural","publisher":{"@id":"https:\/\/monadconstruccion.com\/#organization"},"potentialAction":[{"@type":"SearchAction","target":{"@type":"EntryPoint","urlTemplate":"https:\/\/monadconstruccion.com\/?s={search_term_string}"},"query-input":"required name=search_term_string"}],"inLanguage":"es-CO"},{"@type":"Organization","@id":"https:\/\/monadconstruccion.com\/#organization","name":"Monad Construcci\u00f3n Simbi\u00f3tica","url":"https:\/\/monadconstruccion.com\/","logo":{"@type":"ImageObject","inLanguage":"es-CO","@id":"https:\/\/monadconstruccion.com\/#\/schema\/logo\/image\/","url":"https:\/\/monadconstruccion.com\/wp-content\/uploads\/2023\/05\/cropped-Grupo-214@3x.png","contentUrl":"https:\/\/monadconstruccion.com\/wp-content\/uploads\/2023\/05\/cropped-Grupo-214@3x.png","width":512,"height":512,"caption":"Monad Construcci\u00f3n Simbi\u00f3tica"},"image":{"@id":"https:\/\/monadconstruccion.com\/#\/schema\/logo\/image\/"},"sameAs":["https:\/\/www.instagram.com\/monadconstruccion\/","https:\/\/www.linkedin.com\/company\/monad-group\/?originalSubdomain=co"]}]}},"_links":{"self":[{"href":"https:\/\/monadconstruccion.com\/index.php\/wp-json\/wp\/v2\/product\/159","targetHints":{"allow":["GET"]}}],"collection":[{"href":"https:\/\/monadconstruccion.com\/index.php\/wp-json\/wp\/v2\/product"}],"about":[{"href":"https:\/\/monadconstruccion.com\/index.php\/wp-json\/wp\/v2\/types\/product"}],"replies":[{"embeddable":true,"href":"https:\/\/monadconstruccion.com\/index.php\/wp-json\/wp\/v2\/comments?post=159"}],"wp:featuredmedia":[{"embeddable":true,"href":"https:\/\/monadconstruccion.com\/index.php\/wp-json\/wp\/v2\/media\/138"}],"wp:attachment":[{"href":"https:\/\/monadconstruccion.com\/index.php\/wp-json\/wp\/v2\/media?parent=159"}],"wp:term":[{"taxonomy":"product_cat","embeddable":true,"href":"https:\/\/monadconstruccion.com\/index.php\/wp-json\/wp\/v2\/product_cat?post=159"},{"taxonomy":"product_tag","embeddable":true,"href":"https:\/\/monadconstruccion.com\/index.php\/wp-json\/wp\/v2\/product_tag?post=159"}],"curies":[{"name":"wp","href":"https:\/\/api.w.org\/{rel}","templated":true}]}}